{"id":25459,"date":"2025-03-24T10:55:11","date_gmt":"2025-03-24T09:55:11","guid":{"rendered":"https:\/\/v3rtice.srvcactus.com\/aviso-legal\/"},"modified":"2025-03-24T11:41:14","modified_gmt":"2025-03-24T10:41:14","slug":"aviso-legal","status":"publish","type":"page","link":"https:\/\/v3rtice.srvcactus.com\/ca\/aviso-legal\/","title":{"rendered":"Aviso Legal"},"content":{"rendered":"\n<div class=\"wp-block-greenshift-blocks-row gspb_row gspb_row-id-gsbp-2798d08\" id=\"gspb_row-id-gsbp-2798d08\"><div class=\"gspb_row__content\"> \n<div class=\"wp-block-greenshift-blocks-row-column gspb_row__col--12 gspb_col-id-gsbp-d877b7c\" id=\"gspb_col-id-gsbp-d877b7c\">\n<h2 id=\"gspb_heading-id-gsbp-91e7a84\" class=\"gspb_heading gspb_heading-id-gsbp-91e7a84 \">Aviso Legal<\/h2>\n\n\n\n<div id=\"gspb_text-id-gsbp-f3a47f0\" class=\"gspb_text gspb_text-id-gsbp-f3a47f0 \"><em>Informaci\u00f3n relativa al cumplimiento del art\u00edculo 10 de la LSSICE<\/em><\/div>\n\n\n\n<h2 id=\"gspb_heading-id-gsbp-d9441d6\" class=\"gspb_heading gspb_heading-id-gsbp-d9441d6 \"><em>Datos fiscales<\/em><\/h2>\n\n\n\n<div id=\"gspb_text-id-gsbp-5d32896\" class=\"gspb_text gspb_text-id-gsbp-5d32896 \">Titular: V3RTICE MARQUETING SL<br\/>NIF: B66207135<br\/>Direcci\u00f3n: Avenida de la Riera de Cassoles, 30, Ent. 2\u00aa, 08012 Barcelona<br\/>Tel\u00e9fono: 936 24 16 91 <\/div>\n\n\n\n<h2 id=\"gspb_heading-id-gsbp-5bd58aa\" class=\"gspb_heading gspb_heading-id-gsbp-5bd58aa \"><strong>Protecci\u00f3n de datos personales<\/strong><\/h2>\n\n\n\n<div id=\"gspb_text-id-gsbp-cd01d00\" class=\"gspb_text gspb_text-id-gsbp-cd01d00 \"><span style=\"background-color: var(--wp--preset--color--contrastcolor, #ffffff); color: var(--gs-colorcustomcolor3, #454545);\">Los datos de car\u00e1cter personal que se recogen a trav\u00e9s de la p\u00e1gina web, son \u00fanicamente utilizados a efectos de prestar los servicios solicitados as\u00ed como proceder a la facturaci\u00f3n de los mismos. Sus datos ser\u00e1n ubicados en ficheros titularidad de V3RTICE MARQUETING SL a efectos de facturaci\u00f3n y ser\u00e1n archivados por el periodo de tiempo legalmente necesario. Usted podr\u00e1 ejercer los derechos de acceso, rectificaci\u00f3n, cancelaci\u00f3n y oposici\u00f3n por escrito a V3RTICE MARQUETING SL en Avenida de la Riera de Cassoles, 30, Ent. 2\u00aa, 08012 Barcelona.   <\/span><\/div>\n\n\n\n<h2 id=\"gspb_heading-id-gsbp-f06df62\" class=\"gspb_heading gspb_heading-id-gsbp-f06df62 \"><strong>Propiedad intelectual y responsabilidad sobre los contenidos<\/strong><\/h2>\n\n\n\n<div id=\"gspb_text-id-gsbp-1d76c75\" class=\"gspb_text gspb_text-id-gsbp-1d76c75 \"><span style=\"background-color: var(--wp--preset--color--contrastcolor, #ffffff); color: var(--gs-colorcustomcolor3, #454545);\">Queda prohibido cualquier uso de todos los contenidos de la p\u00e1gina web, concretamente sobre los textos, dise\u00f1o y c\u00f3digo fuente, sin la autorizaci\u00f3n expresa de sus titulares. Cualquier uso no permitido ser\u00e1 debidamente perseguido por los leg\u00edtimos propietarios.<br\/>El titular de la p\u00e1gina web no se hace responsable de los contenidos a los que se dirigen los enlaces ubicados en \u00e9sta, seg\u00fan lo que establece el art\u00edculo 17 de la LSSICE. <\/span><\/div>\n<\/div>\n <\/div><\/div>\n","protected":false},"excerpt":{"rendered":"","protected":false},"author":15,"featured_media":0,"parent":0,"menu_order":0,"comment_status":"closed","ping_status":"closed","template":"no-title","meta":{"_acf_changed":false,"footnotes":""},"class_list":["post-25459","page","type-page","status-publish","hentry"],"acf":[],"dsm_author":{"name":"B3rtriz","avatar_url":"https:\/\/secure.gravatar.com\/avatar\/55cce72eebdf84af1d876317ada2ae9d3e58da4a2ecb496d40eaeb716d24e2d5?s=96&d=mm&r=g","archive_link":"https:\/\/v3rtice.srvcactus.com\/ca\/author\/beatriz\/","biodata":""},"dsm_categories":[],"dsm_attachment_categories":[],"dsm_featured_image":null,"yoast_head":"<!-- This site is optimized with the Yoast SEO plugin v27.3 - https:\/\/yoast.com\/product\/yoast-seo-wordpress\/ -->\n<title>Aviso Legal - V3RTICE<\/title>\n<meta name=\"robots\" content=\"index, follow, max-snippet:-1, max-image-preview:large, max-video-preview:-1\" \/>\n<link rel=\"canonical\" href=\"https:\/\/v3rtice.srvcactus.com\/ca\/aviso-legal\/\" \/>\n<meta property=\"og:locale\" content=\"ca_ES\" \/>\n<meta property=\"og:type\" content=\"article\" \/>\n<meta property=\"og:title\" content=\"Aviso Legal - V3RTICE\" \/>\n<meta property=\"og:url\" content=\"https:\/\/v3rtice.srvcactus.com\/ca\/aviso-legal\/\" \/>\n<meta property=\"og:site_name\" content=\"V3RTICE\" \/>\n<meta property=\"article:modified_time\" content=\"2025-03-24T10:41:14+00:00\" \/>\n<meta name=\"twitter:card\" content=\"summary_large_image\" \/>\n<meta name=\"twitter:label1\" content=\"Temps estimat de lectura\" \/>\n\t<meta name=\"twitter:data1\" content=\"1 minut\" \/>\n<script type=\"application\/ld+json\" class=\"yoast-schema-graph\">{\"@context\":\"https:\\\/\\\/schema.org\",\"@graph\":[{\"@type\":\"WebPage\",\"@id\":\"https:\\\/\\\/v3rtice.srvcactus.com\\\/ca\\\/aviso-legal\\\/\",\"url\":\"https:\\\/\\\/v3rtice.srvcactus.com\\\/ca\\\/aviso-legal\\\/\",\"name\":\"Aviso Legal - V3RTICE\",\"isPartOf\":{\"@id\":\"https:\\\/\\\/v3rtice.srvcactus.com\\\/ca\\\/#website\"},\"datePublished\":\"2025-03-24T09:55:11+00:00\",\"dateModified\":\"2025-03-24T10:41:14+00:00\",\"breadcrumb\":{\"@id\":\"https:\\\/\\\/v3rtice.srvcactus.com\\\/ca\\\/aviso-legal\\\/#breadcrumb\"},\"inLanguage\":\"ca\",\"potentialAction\":[{\"@type\":\"ReadAction\",\"target\":[\"https:\\\/\\\/v3rtice.srvcactus.com\\\/ca\\\/aviso-legal\\\/\"]}]},{\"@type\":\"BreadcrumbList\",\"@id\":\"https:\\\/\\\/v3rtice.srvcactus.com\\\/ca\\\/aviso-legal\\\/#breadcrumb\",\"itemListElement\":[{\"@type\":\"ListItem\",\"position\":1,\"name\":\"Portada\",\"item\":\"https:\\\/\\\/v3rtice.srvcactus.com\\\/ca\\\/\"},{\"@type\":\"ListItem\",\"position\":2,\"name\":\"Aviso Legal\"}]},{\"@type\":\"WebSite\",\"@id\":\"https:\\\/\\\/v3rtice.srvcactus.com\\\/ca\\\/#website\",\"url\":\"https:\\\/\\\/v3rtice.srvcactus.com\\\/ca\\\/\",\"name\":\"V3RTICE\",\"description\":\"\",\"publisher\":{\"@id\":\"https:\\\/\\\/v3rtice.srvcactus.com\\\/ca\\\/#organization\"},\"potentialAction\":[{\"@type\":\"SearchAction\",\"target\":{\"@type\":\"EntryPoint\",\"urlTemplate\":\"https:\\\/\\\/v3rtice.srvcactus.com\\\/ca\\\/?s={search_term_string}\"},\"query-input\":{\"@type\":\"PropertyValueSpecification\",\"valueRequired\":true,\"valueName\":\"search_term_string\"}}],\"inLanguage\":\"ca\"},{\"@type\":\"Organization\",\"@id\":\"https:\\\/\\\/v3rtice.srvcactus.com\\\/ca\\\/#organization\",\"name\":\"V3RTICE\",\"url\":\"https:\\\/\\\/v3rtice.srvcactus.com\\\/ca\\\/\",\"logo\":{\"@type\":\"ImageObject\",\"inLanguage\":\"ca\",\"@id\":\"https:\\\/\\\/v3rtice.srvcactus.com\\\/ca\\\/#\\\/schema\\\/logo\\\/image\\\/\",\"url\":\"https:\\\/\\\/v3rtice.srvcactus.com\\\/wp-content\\\/uploads\\\/2025\\\/01\\\/versiones-03@2x.png\",\"contentUrl\":\"https:\\\/\\\/v3rtice.srvcactus.com\\\/wp-content\\\/uploads\\\/2025\\\/01\\\/versiones-03@2x.png\",\"width\":386,\"height\":442,\"caption\":\"V3RTICE\"},\"image\":{\"@id\":\"https:\\\/\\\/v3rtice.srvcactus.com\\\/ca\\\/#\\\/schema\\\/logo\\\/image\\\/\"}}]}<\/script>\n<!-- \/ Yoast SEO plugin. -->","yoast_head_json":{"title":"Aviso Legal - V3RTICE","robots":{"index":"index","follow":"follow","max-snippet":"max-snippet:-1","max-image-preview":"max-image-preview:large","max-video-preview":"max-video-preview:-1"},"canonical":"https:\/\/v3rtice.srvcactus.com\/ca\/aviso-legal\/","og_locale":"ca_ES","og_type":"article","og_title":"Aviso Legal - V3RTICE","og_url":"https:\/\/v3rtice.srvcactus.com\/ca\/aviso-legal\/","og_site_name":"V3RTICE","article_modified_time":"2025-03-24T10:41:14+00:00","twitter_card":"summary_large_image","twitter_misc":{"Temps estimat de lectura":"1 minut"},"schema":{"@context":"https:\/\/schema.org","@graph":[{"@type":"WebPage","@id":"https:\/\/v3rtice.srvcactus.com\/ca\/aviso-legal\/","url":"https:\/\/v3rtice.srvcactus.com\/ca\/aviso-legal\/","name":"Aviso Legal - V3RTICE","isPartOf":{"@id":"https:\/\/v3rtice.srvcactus.com\/ca\/#website"},"datePublished":"2025-03-24T09:55:11+00:00","dateModified":"2025-03-24T10:41:14+00:00","breadcrumb":{"@id":"https:\/\/v3rtice.srvcactus.com\/ca\/aviso-legal\/#breadcrumb"},"inLanguage":"ca","potentialAction":[{"@type":"ReadAction","target":["https:\/\/v3rtice.srvcactus.com\/ca\/aviso-legal\/"]}]},{"@type":"BreadcrumbList","@id":"https:\/\/v3rtice.srvcactus.com\/ca\/aviso-legal\/#breadcrumb","itemListElement":[{"@type":"ListItem","position":1,"name":"Portada","item":"https:\/\/v3rtice.srvcactus.com\/ca\/"},{"@type":"ListItem","position":2,"name":"Aviso Legal"}]},{"@type":"WebSite","@id":"https:\/\/v3rtice.srvcactus.com\/ca\/#website","url":"https:\/\/v3rtice.srvcactus.com\/ca\/","name":"V3RTICE","description":"","publisher":{"@id":"https:\/\/v3rtice.srvcactus.com\/ca\/#organization"},"potentialAction":[{"@type":"SearchAction","target":{"@type":"EntryPoint","urlTemplate":"https:\/\/v3rtice.srvcactus.com\/ca\/?s={search_term_string}"},"query-input":{"@type":"PropertyValueSpecification","valueRequired":true,"valueName":"search_term_string"}}],"inLanguage":"ca"},{"@type":"Organization","@id":"https:\/\/v3rtice.srvcactus.com\/ca\/#organization","name":"V3RTICE","url":"https:\/\/v3rtice.srvcactus.com\/ca\/","logo":{"@type":"ImageObject","inLanguage":"ca","@id":"https:\/\/v3rtice.srvcactus.com\/ca\/#\/schema\/logo\/image\/","url":"https:\/\/v3rtice.srvcactus.com\/wp-content\/uploads\/2025\/01\/versiones-03@2x.png","contentUrl":"https:\/\/v3rtice.srvcactus.com\/wp-content\/uploads\/2025\/01\/versiones-03@2x.png","width":386,"height":442,"caption":"V3RTICE"},"image":{"@id":"https:\/\/v3rtice.srvcactus.com\/ca\/#\/schema\/logo\/image\/"}}]}},"_links":{"self":[{"href":"https:\/\/v3rtice.srvcactus.com\/ca\/wp-json\/wp\/v2\/pages\/25459","targetHints":{"allow":["GET"]}}],"collection":[{"href":"https:\/\/v3rtice.srvcactus.com\/ca\/wp-json\/wp\/v2\/pages"}],"about":[{"href":"https:\/\/v3rtice.srvcactus.com\/ca\/wp-json\/wp\/v2\/types\/page"}],"author":[{"embeddable":true,"href":"https:\/\/v3rtice.srvcactus.com\/ca\/wp-json\/wp\/v2\/users\/15"}],"replies":[{"embeddable":true,"href":"https:\/\/v3rtice.srvcactus.com\/ca\/wp-json\/wp\/v2\/comments?post=25459"}],"version-history":[{"count":1,"href":"https:\/\/v3rtice.srvcactus.com\/ca\/wp-json\/wp\/v2\/pages\/25459\/revisions"}],"predecessor-version":[{"id":25460,"href":"https:\/\/v3rtice.srvcactus.com\/ca\/wp-json\/wp\/v2\/pages\/25459\/revisions\/25460"}],"wp:attachment":[{"href":"https:\/\/v3rtice.srvcactus.com\/ca\/wp-json\/wp\/v2\/media?parent=25459"}],"curies":[{"name":"wp","href":"https:\/\/api.w.org\/{rel}","templated":true}]}}